{"id":1057,"date":"2024-11-26T15:21:11","date_gmt":"2024-11-26T15:21:11","guid":{"rendered":"https:\/\/happ.eu\/?page_id=1057"},"modified":"2024-11-26T15:22:12","modified_gmt":"2024-11-26T15:22:12","slug":"koszonjuk","status":"publish","type":"page","link":"https:\/\/happ.eu\/en\/koszonjuk\/","title":{"rendered":"K\u00f6sz\u00f6n\u0151"},"content":{"rendered":"<div data-elementor-type=\"wp-page\" data-elementor-id=\"1057\" class=\"elementor elementor-1057\">\n\t\t\t\t\t\t\t\t\t<section class=\"elementor-section elementor-top-section elementor-element elementor-element-467f1ff elementor-section-full_width elementor-section-height-default elementor-section-height-default\" data-id=\"467f1ff\" data-element_type=\"section\" data-settings=\"{&quot;background_background&quot;:&quot;classic&quot;,&quot;sticky&quot;:&quot;top&quot;,&quot;sticky_on&quot;:[&quot;desktop&quot;],&quot;sticky_offset&quot;:0,&quot;sticky_effects_offset&quot;:0}\">\n\t\t\t\t\t\t<div class=\"elementor-container elementor-column-gap-default\">\n\t\t\t\t\t<div class=\"elementor-column elementor-col-50 elementor-top-column elementor-element elementor-element-5964b2a\" data-id=\"5964b2a\" data-element_type=\"column\">\n\t\t\t<div class=\"elementor-widget-wrap elementor-element-populated\">\n\t\t\t\t\t\t\t\t<div class=\"elementor-element elementor-element-01c8c96 elementor-nav-menu__align-left elementor-nav-menu--dropdown-tablet elementor-nav-menu__text-align-aside elementor-nav-menu--toggle elementor-nav-menu--burger elementor-widget elementor-widget-nav-menu\" data-id=\"01c8c96\" data-element_type=\"widget\" data-settings=\"{&quot;layout&quot;:&quot;horizontal&quot;,&quot;submenu_icon&quot;:{&quot;value&quot;:&quot;&lt;i class=\\&quot;fas fa-caret-down\\&quot;&gt;&lt;\\\/i&gt;&quot;,&quot;library&quot;:&quot;fa-solid&quot;},&quot;toggle&quot;:&quot;burger&quot;}\" data-widget_type=\"nav-menu.default\">\n\t\t\t\t<div class=\"elementor-widget-container\">\n\t\t\t<link rel=\"stylesheet\" href=\"https:\/\/happ.eu\/wp-content\/plugins\/elementor-pro\/assets\/css\/widget-nav-menu.min.css\">\t\t\t<nav migration_allowed=\"1\" migrated=\"0\" role=\"navigation\" class=\"elementor-nav-menu--main elementor-nav-menu__container elementor-nav-menu--layout-horizontal e--pointer-underline e--animation-fade\">\n\t\t\t\t<ul id=\"menu-1-01c8c96\" class=\"elementor-nav-menu\"><li class=\"menu-item menu-item-type-custom menu-item-object-custom menu-item-102\"><a href=\"\/#fuvarozas\" class=\"elementor-item elementor-item-anchor\">Our services<\/a><\/li>\n<li class=\"menu-item menu-item-type-custom menu-item-object-custom menu-item-758\"><a href=\"\/#kuldetesunk\" class=\"elementor-item elementor-item-anchor\">About Us<\/a><\/li>\n<li class=\"menu-item menu-item-type-post_type menu-item-object-page menu-item-450\"><a href=\"https:\/\/happ.eu\/en\/blog\/\" class=\"elementor-item\">Blog<\/a><\/li>\n<li class=\"menu-item menu-item-type-post_type menu-item-object-page menu-item-100\"><a href=\"https:\/\/happ.eu\/en\/allasrajelentkezem\/\" class=\"elementor-item\">Career<\/a><\/li>\n<li class=\"menu-item menu-item-type-custom menu-item-object-custom menu-item-104\"><a href=\"\/#ajanlatkeres\" class=\"elementor-item elementor-item-anchor\">Get a quote<\/a><\/li>\n<\/ul>\t\t\t<\/nav>\n\t\t\t\t\t<div class=\"elementor-menu-toggle\" role=\"button\" tabindex=\"0\" aria-label=\"Menu Toggle\" aria-expanded=\"false\">\n\t\t\t<i aria-hidden=\"true\" role=\"presentation\" class=\"elementor-menu-toggle__icon--open eicon-menu-bar\"><\/i><i aria-hidden=\"true\" role=\"presentation\" class=\"elementor-menu-toggle__icon--close eicon-close\"><\/i>\t\t\t<span class=\"elementor-screen-only\">Menu<\/span>\n\t\t<\/div>\n\t\t\t<nav class=\"elementor-nav-menu--dropdown elementor-nav-menu__container\" role=\"navigation\" aria-hidden=\"true\">\n\t\t\t\t<ul id=\"menu-2-01c8c96\" class=\"elementor-nav-menu\"><li class=\"menu-item menu-item-type-custom menu-item-object-custom menu-item-102\"><a href=\"\/#fuvarozas\" class=\"elementor-item elementor-item-anchor\" tabindex=\"-1\">Our services<\/a><\/li>\n<li class=\"menu-item menu-item-type-custom menu-item-object-custom menu-item-758\"><a href=\"\/#kuldetesunk\" class=\"elementor-item elementor-item-anchor\" tabindex=\"-1\">About Us<\/a><\/li>\n<li class=\"menu-item menu-item-type-post_type menu-item-object-page menu-item-450\"><a href=\"https:\/\/happ.eu\/en\/blog\/\" class=\"elementor-item\" tabindex=\"-1\">Blog<\/a><\/li>\n<li class=\"menu-item menu-item-type-post_type menu-item-object-page menu-item-100\"><a href=\"https:\/\/happ.eu\/en\/allasrajelentkezem\/\" class=\"elementor-item\" tabindex=\"-1\">Career<\/a><\/li>\n<li class=\"menu-item menu-item-type-custom menu-item-object-custom menu-item-104\"><a href=\"\/#ajanlatkeres\" class=\"elementor-item elementor-item-anchor\" tabindex=\"-1\">Get a quote<\/a><\/li>\n<\/ul>\t\t\t<\/nav>\n\t\t\t\t<\/div>\n\t\t\t\t<\/div>\n\t\t\t\t\t<\/div>\n\t\t<\/div>\n\t\t\t\t<div class=\"elementor-column elementor-col-50 elementor-top-column elementor-element elementor-element-ef45262\" data-id=\"ef45262\" data-element_type=\"column\">\n\t\t\t<div class=\"elementor-widget-wrap elementor-element-populated\">\n\t\t\t\t\t\t\t\t<div class=\"elementor-element elementor-element-9be8951 elementor-nav-menu__align-right elementor-hidden-mobile elementor-nav-menu--dropdown-tablet elementor-nav-menu__text-align-aside elementor-nav-menu--toggle elementor-nav-menu--burger elementor-widget elementor-widget-nav-menu\" data-id=\"9be8951\" data-element_type=\"widget\" data-settings=\"{&quot;layout&quot;:&quot;horizontal&quot;,&quot;submenu_icon&quot;:{&quot;value&quot;:&quot;&lt;i class=\\&quot;fas fa-caret-down\\&quot;&gt;&lt;\\\/i&gt;&quot;,&quot;library&quot;:&quot;fa-solid&quot;},&quot;toggle&quot;:&quot;burger&quot;}\" data-widget_type=\"nav-menu.default\">\n\t\t\t\t<div class=\"elementor-widget-container\">\n\t\t\t\t\t\t<nav migration_allowed=\"1\" migrated=\"0\" role=\"navigation\" class=\"elementor-nav-menu--main elementor-nav-menu__container elementor-nav-menu--layout-horizontal e--pointer-underline e--animation-fade\">\n\t\t\t\t<ul id=\"menu-1-9be8951\" class=\"elementor-nav-menu\"><li class=\"trp-language-switcher-container menu-item menu-item-type-post_type menu-item-object-language_switcher menu-item-421\"><a href=\"https:\/\/happ.eu\/wp-json\/wp\/v2\/pages\/1057\/\" class=\"elementor-item elementor-item-anchor\"><span data-no-translation><span class=\"trp-ls-language-name\">Hungarian<\/span><\/span><\/a><\/li>\n<\/ul>\t\t\t<\/nav>\n\t\t\t\t\t<div class=\"elementor-menu-toggle\" role=\"button\" tabindex=\"0\" aria-label=\"Menu Toggle\" aria-expanded=\"false\">\n\t\t\t<i aria-hidden=\"true\" role=\"presentation\" class=\"elementor-menu-toggle__icon--open eicon-menu-bar\"><\/i><i aria-hidden=\"true\" role=\"presentation\" class=\"elementor-menu-toggle__icon--close eicon-close\"><\/i>\t\t\t<span class=\"elementor-screen-only\">Menu<\/span>\n\t\t<\/div>\n\t\t\t<nav class=\"elementor-nav-menu--dropdown elementor-nav-menu__container\" role=\"navigation\" aria-hidden=\"true\">\n\t\t\t\t<ul id=\"menu-2-9be8951\" class=\"elementor-nav-menu\"><li class=\"trp-language-switcher-container menu-item menu-item-type-post_type menu-item-object-language_switcher menu-item-421\"><a href=\"https:\/\/happ.eu\/wp-json\/wp\/v2\/pages\/1057\/\" class=\"elementor-item elementor-item-anchor\" tabindex=\"-1\"><span data-no-translation><span class=\"trp-ls-language-name\">Hungarian<\/span><\/span><\/a><\/li>\n<\/ul>\t\t\t<\/nav>\n\t\t\t\t<\/div>\n\t\t\t\t<\/div>\n\t\t\t\t\t<\/div>\n\t\t<\/div>\n\t\t\t\t\t\t\t<\/div>\n\t\t<\/section>\n\t\t\t\t<section class=\"elementor-section elementor-top-section elementor-element elementor-element-4610b4e elementor-section-boxed elementor-section-height-default elementor-section-height-default\" data-id=\"4610b4e\" data-element_type=\"section\" data-settings=\"{&quot;background_background&quot;:&quot;classic&quot;}\">\n\t\t\t\t\t\t<div class=\"elementor-container elementor-column-gap-default\">\n\t\t\t\t\t<div class=\"elementor-column elementor-col-100 elementor-top-column elementor-element elementor-element-9a3c38f\" data-id=\"9a3c38f\" data-element_type=\"column\">\n\t\t\t<div class=\"elementor-widget-wrap elementor-element-populated\">\n\t\t\t\t\t\t\t\t<div class=\"elementor-element elementor-element-110eea9 elementor-widget elementor-widget-heading\" data-id=\"110eea9\" data-element_type=\"widget\" data-widget_type=\"heading.default\">\n\t\t\t\t<div class=\"elementor-widget-container\">\n\t\t\t<style>\/*! elementor - v3.12.1 - 02-04-2023 *\/\n.elementor-heading-title{padding:0;margin:0;line-height:1}.elementor-widget-heading .elementor-heading-title[class*=elementor-size-]>a{color:inherit;font-size:inherit;line-height:inherit}.elementor-widget-heading .elementor-heading-title.elementor-size-small{font-size:15px}.elementor-widget-heading .elementor-heading-title.elementor-size-medium{font-size:19px}.elementor-widget-heading .elementor-heading-title.elementor-size-large{font-size:29px}.elementor-widget-heading .elementor-heading-title.elementor-size-xl{font-size:39px}.elementor-widget-heading .elementor-heading-title.elementor-size-xxl{font-size:59px}<\/style><h2 class=\"elementor-heading-title elementor-size-default\">K\u00f6sz\u00f6nj\u00fck a jelentkez\u00e9st!<\/h2>\t\t<\/div>\n\t\t\t\t<\/div>\n\t\t\t\t<div class=\"elementor-element elementor-element-dca9407 elementor-widget elementor-widget-text-editor\" data-id=\"dca9407\" data-element_type=\"widget\" data-widget_type=\"text-editor.default\">\n\t\t\t\t<div class=\"elementor-widget-container\">\n\t\t\t<style>\/*! elementor - v3.12.1 - 02-04-2023 *\/\n.elementor-widget-text-editor.elementor-drop-cap-view-stacked .elementor-drop-cap{background-color:#69727d;color:#fff}.elementor-widget-text-editor.elementor-drop-cap-view-framed .elementor-drop-cap{color:#69727d;border:3px solid;background-color:transparent}.elementor-widget-text-editor:not(.elementor-drop-cap-view-default) .elementor-drop-cap{margin-top:8px}.elementor-widget-text-editor:not(.elementor-drop-cap-view-default) .elementor-drop-cap-letter{width:1em;height:1em}.elementor-widget-text-editor .elementor-drop-cap{float:left;text-align:center;line-height:1;font-size:50px}.elementor-widget-text-editor .elementor-drop-cap-letter{display:inline-block}<\/style>\t\t\t\t<p>Koll\u00e9g\u00e1ink hamarosan jelentkeznek a megadott el\u00e9rhet\u0151s\u00e9geken.<\/p>\n<p><a href=\"https:\/\/happ.eu\/blog\/\">Tov\u00e1bb a blogra &gt;<\/a><\/p>\t\t\t\t\t\t<\/div>\n\t\t\t\t<\/div>\n\t\t\t\t\t<\/div>\n\t\t<\/div>\n\t\t\t\t\t\t\t<\/div>\n\t\t<\/section>\n\t\t\t\t<section class=\"elementor-section elementor-top-section elementor-element elementor-element-8b2cce5 elementor-section-full_width elementor-section-height-default elementor-section-height-default\" data-id=\"8b2cce5\" data-element_type=\"section\" data-settings=\"{&quot;background_background&quot;:&quot;classic&quot;}\">\n\t\t\t\t\t\t<div class=\"elementor-container elementor-column-gap-default\">\n\t\t\t\t\t<div class=\"elementor-column elementor-col-25 elementor-top-column elementor-element elementor-element-a4c40c5\" data-id=\"a4c40c5\" data-element_type=\"column\">\n\t\t\t<div class=\"elementor-widget-wrap elementor-element-populated\">\n\t\t\t\t\t\t\t\t<div class=\"elementor-element elementor-element-593645b elementor-widget elementor-widget-image\" data-id=\"593645b\" data-element_type=\"widget\" data-widget_type=\"image.default\">\n\t\t\t\t<div class=\"elementor-widget-container\">\n\t\t\t<style>\/*! elementor - v3.12.1 - 02-04-2023 *\/\n.elementor-widget-image{text-align:center}.elementor-widget-image a{display:inline-block}.elementor-widget-image a img[src$=\".svg\"]{width:48px}.elementor-widget-image img{vertical-align:middle;display:inline-block}<\/style>\t\t\t\t\t\t\t\t\t\t\t\t<img loading=\"lazy\" decoding=\"async\" width=\"300\" height=\"120\" src=\"https:\/\/happ.eu\/wp-content\/uploads\/2022\/08\/happ.png\" class=\"attachment-full size-full wp-image-7\" alt=\"\" \/>\t\t\t\t\t\t\t\t\t\t\t\t\t\t\t<\/div>\n\t\t\t\t<\/div>\n\t\t\t\t<div class=\"elementor-element elementor-element-b9a2404 elementor-widget elementor-widget-text-editor\" data-id=\"b9a2404\" data-element_type=\"widget\" data-widget_type=\"text-editor.default\">\n\t\t\t\t<div class=\"elementor-widget-container\">\n\t\t\t\t\t\t\t<p>With more than 130 vehicles, the HAPP group helps deliver your company's products to all of Europe. We provide continuous and fast real-time reporting on the status of smooth and safe logistics.<\/p>\t\t\t\t\t\t<\/div>\n\t\t\t\t<\/div>\n\t\t\t\t\t<\/div>\n\t\t<\/div>\n\t\t\t\t<div class=\"elementor-column elementor-col-25 elementor-top-column elementor-element elementor-element-fc4a52e\" data-id=\"fc4a52e\" data-element_type=\"column\">\n\t\t\t<div class=\"elementor-widget-wrap elementor-element-populated\">\n\t\t\t\t\t\t\t\t<div class=\"elementor-element elementor-element-95bb91b elementor-widget elementor-widget-text-editor\" data-id=\"95bb91b\" data-element_type=\"widget\" data-widget_type=\"text-editor.default\">\n\t\t\t\t<div class=\"elementor-widget-container\">\n\t\t\t\t\t\t\t<p>Services<\/p>\t\t\t\t\t\t<\/div>\n\t\t\t\t<\/div>\n\t\t\t\t<div class=\"elementor-element elementor-element-e02eeff elementor-align-left elementor-mobile-align-center elementor-icon-list--layout-traditional elementor-list-item-link-full_width elementor-widget elementor-widget-icon-list\" data-id=\"e02eeff\" data-element_type=\"widget\" data-widget_type=\"icon-list.default\">\n\t\t\t\t<div class=\"elementor-widget-container\">\n\t\t\t<link rel=\"stylesheet\" href=\"https:\/\/happ.eu\/wp-content\/plugins\/elementor\/assets\/css\/widget-icon-list.min.css\">\t\t<ul class=\"elementor-icon-list-items\">\n\t\t\t\t\t\t\t<li class=\"elementor-icon-list-item\">\n\t\t\t\t\t\t\t\t\t\t\t<a href=\"#fuvarozas\">\n\n\t\t\t\t\t\t\t\t\t\t\t<span class=\"elementor-icon-list-text\">Transportation<\/span>\n\t\t\t\t\t\t\t\t\t\t\t<\/a>\n\t\t\t\t\t\t\t\t\t<\/li>\n\t\t\t\t\t\t\t\t<li class=\"elementor-icon-list-item\">\n\t\t\t\t\t\t\t\t\t\t\t<a href=\"#raktarozas\">\n\n\t\t\t\t\t\t\t\t\t\t\t<span class=\"elementor-icon-list-text\">Storage<\/span>\n\t\t\t\t\t\t\t\t\t\t\t<\/a>\n\t\t\t\t\t\t\t\t\t<\/li>\n\t\t\t\t\t\t<\/ul>\n\t\t\t\t<\/div>\n\t\t\t\t<\/div>\n\t\t\t\t\t<\/div>\n\t\t<\/div>\n\t\t\t\t<div class=\"elementor-column elementor-col-25 elementor-top-column elementor-element elementor-element-69b83c6\" data-id=\"69b83c6\" data-element_type=\"column\">\n\t\t\t<div class=\"elementor-widget-wrap elementor-element-populated\">\n\t\t\t\t\t\t\t\t<div class=\"elementor-element elementor-element-9112c47 elementor-widget elementor-widget-text-editor\" data-id=\"9112c47\" data-element_type=\"widget\" data-widget_type=\"text-editor.default\">\n\t\t\t\t<div class=\"elementor-widget-container\">\n\t\t\t\t\t\t\t<p>Contact<\/p>\t\t\t\t\t\t<\/div>\n\t\t\t\t<\/div>\n\t\t\t\t<div class=\"elementor-element elementor-element-dba7e22 elementor-align-left elementor-mobile-align-center elementor-icon-list--layout-traditional elementor-list-item-link-full_width elementor-widget elementor-widget-icon-list\" data-id=\"dba7e22\" data-element_type=\"widget\" data-widget_type=\"icon-list.default\">\n\t\t\t\t<div class=\"elementor-widget-container\">\n\t\t\t\t\t<ul class=\"elementor-icon-list-items\">\n\t\t\t\t\t\t\t<li class=\"elementor-icon-list-item\">\n\t\t\t\t\t\t\t\t\t\t<span class=\"elementor-icon-list-text\">H-8441 M\u00e1rk\u00f3 Iparos u. 10.<\/span>\n\t\t\t\t\t\t\t\t\t<\/li>\n\t\t\t\t\t\t\t\t<li class=\"elementor-icon-list-item\">\n\t\t\t\t\t\t\t\t\t\t<span class=\"elementor-icon-list-text\">info@happ.eu<\/span>\n\t\t\t\t\t\t\t\t\t<\/li>\n\t\t\t\t\t\t\t\t<li class=\"elementor-icon-list-item\">\n\t\t\t\t\t\t\t\t\t\t\t<a href=\"tel:+36302885166\">\n\n\t\t\t\t\t\t\t\t\t\t\t<span class=\"elementor-icon-list-text\">+36 30 288 5166<\/span>\n\t\t\t\t\t\t\t\t\t\t\t<\/a>\n\t\t\t\t\t\t\t\t\t<\/li>\n\t\t\t\t\t\t<\/ul>\n\t\t\t\t<\/div>\n\t\t\t\t<\/div>\n\t\t\t\t\t<\/div>\n\t\t<\/div>\n\t\t\t\t<div class=\"elementor-column elementor-col-25 elementor-top-column elementor-element elementor-element-90a5d7b\" data-id=\"90a5d7b\" data-element_type=\"column\">\n\t\t\t<div class=\"elementor-widget-wrap elementor-element-populated\">\n\t\t\t\t\t\t\t\t<div class=\"elementor-element elementor-element-ab95efa elementor-widget elementor-widget-image\" data-id=\"ab95efa\" data-element_type=\"widget\" data-settings=\"{&quot;sticky&quot;:&quot;bottom&quot;,&quot;sticky_on&quot;:[&quot;desktop&quot;],&quot;sticky_offset&quot;:0,&quot;sticky_effects_offset&quot;:0}\" data-widget_type=\"image.default\">\n\t\t\t\t<div class=\"elementor-widget-container\">\n\t\t\t\t\t\t\t\t\t\t\t\t\t\t\t\t<a href=\"https:\/\/happ.eu\/palyazatok\/\">\n\t\t\t\t\t\t\t<img loading=\"lazy\" decoding=\"async\" width=\"670\" height=\"469\" src=\"https:\/\/happ.eu\/wp-content\/uploads\/2022\/08\/szechenyi-2020-logo-1.png\" class=\"attachment-large size-large wp-image-21\" alt=\"\" srcset=\"https:\/\/happ.eu\/wp-content\/uploads\/2022\/08\/szechenyi-2020-logo-1.png 670w, https:\/\/happ.eu\/wp-content\/uploads\/2022\/08\/szechenyi-2020-logo-1-300x210.png 300w\" sizes=\"auto, (max-width: 670px) 100vw, 670px\" \/>\t\t\t\t\t\t\t\t<\/a>\n\t\t\t\t\t\t\t\t\t\t\t\t\t\t\t<\/div>\n\t\t\t\t<\/div>\n\t\t\t\t\t<\/div>\n\t\t<\/div>\n\t\t\t\t\t\t\t<\/div>\n\t\t<\/section>\n\t\t\t\t\t\t\t<\/div>","protected":false},"excerpt":{"rendered":"<p>K\u00f6sz\u00f6nj\u00fck a jelentkez\u00e9st! Koll\u00e9g\u00e1ink hamarosan jelentkeznek a megadott el\u00e9rhet\u0151s\u00e9geken. Tov\u00e1bb a blogra &gt; A HAPP c\u00e9gcsoport t\u00f6bb mint 130 g\u00e9pj\u00e1rm\u0171vel seg\u00edti c\u00e9ge term\u00e9keit ak\u00e1r eg\u00e9sz Eur\u00f3p\u00e1ba eljuttatni. Szolg\u00e1ltat\u00e1sok Fuvaroz\u00e1s Rakt\u00e1roz\u00e1s Kapcsolat H-8441 M\u00e1rk\u00f3 Iparos u. 10. info@happ.eu +36 30 288 5166<\/p>","protected":false},"author":1,"featured_media":0,"parent":0,"menu_order":0,"comment_status":"closed","ping_status":"closed","template":"elementor_canvas","meta":{"footnotes":""},"class_list":["post-1057","page","type-page","status-publish","hentry"],"yoast_head":"<!-- This site is optimized with the Yoast SEO plugin v20.4 - https:\/\/yoast.com\/wordpress\/plugins\/seo\/ -->\n<title>K\u00f6sz\u00f6n\u0151 - HAPP<\/title>\n<meta name=\"robots\" content=\"index, follow, max-snippet:-1, max-image-preview:large, max-video-preview:-1\" \/>\n<link rel=\"canonical\" href=\"https:\/\/happ.eu\/en\/koszonjuk\/\" \/>\n<meta property=\"og:locale\" content=\"en_US\" \/>\n<meta property=\"og:type\" content=\"article\" \/>\n<meta property=\"og:title\" content=\"K\u00f6sz\u00f6n\u0151 - HAPP\" \/>\n<meta property=\"og:description\" content=\"K\u00f6sz\u00f6nj\u00fck a jelentkez\u00e9st! Koll\u00e9g\u00e1ink hamarosan jelentkeznek a megadott el\u00e9rhet\u0151s\u00e9geken. Tov\u00e1bb a blogra &gt; A HAPP c\u00e9gcsoport t\u00f6bb mint 130 g\u00e9pj\u00e1rm\u0171vel seg\u00edti c\u00e9ge term\u00e9keit ak\u00e1r eg\u00e9sz Eur\u00f3p\u00e1ba eljuttatni. Szolg\u00e1ltat\u00e1sok Fuvaroz\u00e1s Rakt\u00e1roz\u00e1s Kapcsolat H-8441 M\u00e1rk\u00f3 Iparos u. 10. info@happ.eu +36 30 288 5166\" \/>\n<meta property=\"og:url\" content=\"https:\/\/happ.eu\/en\/koszonjuk\/\" \/>\n<meta property=\"og:site_name\" content=\"HAPP\" \/>\n<meta property=\"article:modified_time\" content=\"2024-11-26T15:22:12+00:00\" \/>\n<meta property=\"og:image\" content=\"https:\/\/happ.eu\/wp-content\/uploads\/2022\/08\/happ.png\" \/>\n<meta name=\"twitter:card\" content=\"summary_large_image\" \/>\n<meta name=\"twitter:label1\" content=\"Est. reading time\" \/>\n\t<meta name=\"twitter:data1\" content=\"1 minute\" \/>\n<script type=\"application\/ld+json\" class=\"yoast-schema-graph\">{\"@context\":\"https:\/\/schema.org\",\"@graph\":[{\"@type\":\"WebPage\",\"@id\":\"https:\/\/happ.eu\/koszonjuk\/\",\"url\":\"https:\/\/happ.eu\/koszonjuk\/\",\"name\":\"K\u00f6sz\u00f6n\u0151 - HAPP\",\"isPartOf\":{\"@id\":\"https:\/\/happ.eu\/#website\"},\"datePublished\":\"2024-11-26T15:21:11+00:00\",\"dateModified\":\"2024-11-26T15:22:12+00:00\",\"breadcrumb\":{\"@id\":\"https:\/\/happ.eu\/koszonjuk\/#breadcrumb\"},\"inLanguage\":\"en-US\",\"potentialAction\":[{\"@type\":\"ReadAction\",\"target\":[\"https:\/\/happ.eu\/koszonjuk\/\"]}]},{\"@type\":\"BreadcrumbList\",\"@id\":\"https:\/\/happ.eu\/koszonjuk\/#breadcrumb\",\"itemListElement\":[{\"@type\":\"ListItem\",\"position\":1,\"name\":\"Kezd\u0151lap\",\"item\":\"https:\/\/happ.eu\/\"},{\"@type\":\"ListItem\",\"position\":2,\"name\":\"K\u00f6sz\u00f6n\u0151\"}]},{\"@type\":\"WebSite\",\"@id\":\"https:\/\/happ.eu\/#website\",\"url\":\"https:\/\/happ.eu\/\",\"name\":\"HAPP\",\"description\":\"Megb\u00edzhat\u00f3 \u00e9s modern fuvaroz\u00e1s \u00e9s rakt\u00e1roz\u00e1s\",\"publisher\":{\"@id\":\"https:\/\/happ.eu\/#organization\"},\"potentialAction\":[{\"@type\":\"SearchAction\",\"target\":{\"@type\":\"EntryPoint\",\"urlTemplate\":\"https:\/\/happ.eu\/?s={search_term_string}\"},\"query-input\":\"required name=search_term_string\"}],\"inLanguage\":\"en-US\"},{\"@type\":\"Organization\",\"@id\":\"https:\/\/happ.eu\/#organization\",\"name\":\"HAPP\",\"url\":\"https:\/\/happ.eu\/\",\"logo\":{\"@type\":\"ImageObject\",\"inLanguage\":\"en-US\",\"@id\":\"https:\/\/happ.eu\/#\/schema\/logo\/image\/\",\"url\":\"https:\/\/happ.eu\/wp-content\/uploads\/2022\/08\/cropped-cropped-happ.png\",\"contentUrl\":\"https:\/\/happ.eu\/wp-content\/uploads\/2022\/08\/cropped-cropped-happ.png\",\"width\":300,\"height\":120,\"caption\":\"HAPP\"},\"image\":{\"@id\":\"https:\/\/happ.eu\/#\/schema\/logo\/image\/\"}}]}<\/script>\n<!-- \/ Yoast SEO plugin. -->","yoast_head_json":{"title":"K\u00f6sz\u00f6n\u0151 - HAPP","robots":{"index":"index","follow":"follow","max-snippet":"max-snippet:-1","max-image-preview":"max-image-preview:large","max-video-preview":"max-video-preview:-1"},"canonical":"https:\/\/happ.eu\/en\/koszonjuk\/","og_locale":"en_US","og_type":"article","og_title":"K\u00f6sz\u00f6n\u0151 - HAPP","og_description":"K\u00f6sz\u00f6nj\u00fck a jelentkez\u00e9st! Koll\u00e9g\u00e1ink hamarosan jelentkeznek a megadott el\u00e9rhet\u0151s\u00e9geken. Tov\u00e1bb a blogra &gt; A HAPP c\u00e9gcsoport t\u00f6bb mint 130 g\u00e9pj\u00e1rm\u0171vel seg\u00edti c\u00e9ge term\u00e9keit ak\u00e1r eg\u00e9sz Eur\u00f3p\u00e1ba eljuttatni. Szolg\u00e1ltat\u00e1sok Fuvaroz\u00e1s Rakt\u00e1roz\u00e1s Kapcsolat H-8441 M\u00e1rk\u00f3 Iparos u. 10. info@happ.eu +36 30 288 5166","og_url":"https:\/\/happ.eu\/en\/koszonjuk\/","og_site_name":"HAPP","article_modified_time":"2024-11-26T15:22:12+00:00","og_image":[{"url":"https:\/\/happ.eu\/wp-content\/uploads\/2022\/08\/happ.png"}],"twitter_card":"summary_large_image","twitter_misc":{"Est. reading time":"1 minute"},"schema":{"@context":"https:\/\/schema.org","@graph":[{"@type":"WebPage","@id":"https:\/\/happ.eu\/koszonjuk\/","url":"https:\/\/happ.eu\/koszonjuk\/","name":"K\u00f6sz\u00f6n\u0151 - HAPP","isPartOf":{"@id":"https:\/\/happ.eu\/#website"},"datePublished":"2024-11-26T15:21:11+00:00","dateModified":"2024-11-26T15:22:12+00:00","breadcrumb":{"@id":"https:\/\/happ.eu\/koszonjuk\/#breadcrumb"},"inLanguage":"en-US","potentialAction":[{"@type":"ReadAction","target":["https:\/\/happ.eu\/koszonjuk\/"]}]},{"@type":"BreadcrumbList","@id":"https:\/\/happ.eu\/koszonjuk\/#breadcrumb","itemListElement":[{"@type":"ListItem","position":1,"name":"Kezd\u0151lap","item":"https:\/\/happ.eu\/"},{"@type":"ListItem","position":2,"name":"K\u00f6sz\u00f6n\u0151"}]},{"@type":"WebSite","@id":"https:\/\/happ.eu\/#website","url":"https:\/\/happ.eu\/","name":"HAPP","description":"Megb\u00edzhat\u00f3 \u00e9s modern fuvaroz\u00e1s \u00e9s rakt\u00e1roz\u00e1s","publisher":{"@id":"https:\/\/happ.eu\/#organization"},"potentialAction":[{"@type":"SearchAction","target":{"@type":"EntryPoint","urlTemplate":"https:\/\/happ.eu\/?s={search_term_string}"},"query-input":"required name=search_term_string"}],"inLanguage":"en-US"},{"@type":"Organization","@id":"https:\/\/happ.eu\/#organization","name":"HAPP","url":"https:\/\/happ.eu\/","logo":{"@type":"ImageObject","inLanguage":"en-US","@id":"https:\/\/happ.eu\/#\/schema\/logo\/image\/","url":"https:\/\/happ.eu\/wp-content\/uploads\/2022\/08\/cropped-cropped-happ.png","contentUrl":"https:\/\/happ.eu\/wp-content\/uploads\/2022\/08\/cropped-cropped-happ.png","width":300,"height":120,"caption":"HAPP"},"image":{"@id":"https:\/\/happ.eu\/#\/schema\/logo\/image\/"}}]}},"_links":{"self":[{"href":"https:\/\/happ.eu\/en\/wp-json\/wp\/v2\/pages\/1057","targetHints":{"allow":["GET"]}}],"collection":[{"href":"https:\/\/happ.eu\/en\/wp-json\/wp\/v2\/pages"}],"about":[{"href":"https:\/\/happ.eu\/en\/wp-json\/wp\/v2\/types\/page"}],"author":[{"embeddable":true,"href":"https:\/\/happ.eu\/en\/wp-json\/wp\/v2\/users\/1"}],"replies":[{"embeddable":true,"href":"https:\/\/happ.eu\/en\/wp-json\/wp\/v2\/comments?post=1057"}],"version-history":[{"count":4,"href":"https:\/\/happ.eu\/en\/wp-json\/wp\/v2\/pages\/1057\/revisions"}],"predecessor-version":[{"id":1061,"href":"https:\/\/happ.eu\/en\/wp-json\/wp\/v2\/pages\/1057\/revisions\/1061"}],"wp:attachment":[{"href":"https:\/\/happ.eu\/en\/wp-json\/wp\/v2\/media?parent=1057"}],"curies":[{"name":"wp","href":"https:\/\/api.w.org\/{rel}","templated":true}]}}